{"id":522,"date":"2025-05-04T16:31:04","date_gmt":"2025-05-04T14:31:04","guid":{"rendered":"https:\/\/www.ebats-d-idees.com\/?page_id=522"},"modified":"2025-12-11T14:58:17","modified_gmt":"2025-12-11T13:58:17","slug":"felino-vinculo","status":"publish","type":"page","link":"https:\/\/www.ebats-d-idees.com\/index.php\/silverstorm\/felino-vinculo\/","title":{"rendered":"Felino Vinculo"},"content":{"rendered":"<div data-colibri-id=\"522-c1\" class=\"style-413 style-local-522-c1 position-relative\">\n  <!---->\n  <div data-colibri-component=\"section\" data-colibri-id=\"522-c2\" id=\"initial-content\" class=\"h-section h-section-global-spacing d-flex align-items-lg-center align-items-md-center align-items-center style-414 style-local-522-c2 position-relative\">\n    <!---->\n    <!---->\n    <div class=\"h-section-grid-container h-section-boxed-container\">\n      <!---->\n      <div data-colibri-id=\"522-c3\" class=\"h-row-container gutters-row-lg-2 gutters-row-md-2 gutters-row-2 gutters-row-v-lg-2 gutters-row-v-md-2 gutters-row-v-2 colibri-dynamic-list style-435 style-local-522-c3 position-relative\">\n        <!---->\n        <div data-colibri-component=\"masonry\" class=\"h-row justify-content-lg-start justify-content-md-start justify-content-start align-items-lg-stretch align-items-md-stretch align-items-stretch gutters-col-lg-2 gutters-col-md-2 gutters-col-2 gutters-col-v-lg-2 gutters-col-v-md-2 gutters-col-v-2 style-435-row style-local-522-c3-row\">\n          <!---->\n        <div class=\"h-column h-column-container d-flex h-col-lg-12 h-col-md-6 h-col-12 post-418 post type-post status-publish format-standard has-post-thumbnail hentry category-felino-vinculo masonry-item style-436-outer style-local-522-c4-outer\"><div data-colibri-id=\"522-c4\" class=\"d-flex h-flex-basis h-column__inner h-px-lg-2 h-px-md-2 h-px-2 v-inner-lg-2 v-inner-md-2 v-inner-2 style-436 style-local-522-c4 position-relative\"> <div class=\"w-100 h-y-container h-column__content h-column__v-align flex-basis-100 align-self-lg-start align-self-md-start align-self-start\"> <div data-colibri-id=\"522-c5\" class=\"h-row-container gutters-row-lg-0 gutters-row-md-0 gutters-row-0 gutters-row-v-lg-0 gutters-row-v-md-0 gutters-row-v-0 style-437 style-local-522-c5 h-overflow-hidden position-relative\"><div class=\"h-row justify-content-lg-center justify-content-md-center justify-content-center align-items-lg-stretch align-items-md-stretch align-items-stretch gutters-col-lg-0 gutters-col-md-0 gutters-col-0 gutters-col-v-lg-0 gutters-col-v-md-0 gutters-col-v-0\"> <div class=\"h-column h-column-container d-flex h-col-lg-6 h-col-md-6 h-col-12 style-438-outer style-local-522-c6-outer\"><div data-colibri-id=\"522-c6\" class=\"d-flex h-flex-basis h-column__inner h-px-lg-0 h-px-md-0 h-px-0 v-inner-lg-0 v-inner-md-0 v-inner-0 style-438 style-local-522-c6 position-relative\"> <div class=\"w-100 h-y-container h-column__content h-column__v-align flex-basis-100 align-self-lg-start align-self-md-start align-self-start\"> <div data-href=\"https:\/\/www.ebats-d-idees.com\/index.php\/2025\/04\/14\/felino-vinculo\/\" data-colibri-component=\"link\" data-colibri-id=\"522-c7\" class=\"colibri-post-thumbnail colibri-post-has-thumbnail colibri-post-thumbnail-has-placeholder style-439 style-local-522-c7 h-overflow-hidden position-relative h-element\"><div class=\"h-global-transition-all colibri-post-thumbnail-shortcode style-dynamic-522-c7-height\">            <a href=\"https:\/\/www.ebats-d-idees.com\/index.php\/2025\/04\/14\/felino-vinculo\/\" title=\"Felino Vinculo &#8211; Partie 1\">\n\t\t\t\t<img loading=\"lazy\" decoding=\"async\" width=\"1024\" height=\"1024\" src=\"https:\/\/www.ebats-d-idees.com\/wp-content\/uploads\/2025\/04\/ChatGPT-Image-5-mai-2025-10_58_03.png\" class=\"attachment-post-thumbnail size-post-thumbnail wp-post-image\" alt=\"\" srcset=\"https:\/\/www.ebats-d-idees.com\/wp-content\/uploads\/2025\/04\/ChatGPT-Image-5-mai-2025-10_58_03.png 1024w, https:\/\/www.ebats-d-idees.com\/wp-content\/uploads\/2025\/04\/ChatGPT-Image-5-mai-2025-10_58_03-300x300.png 300w, https:\/\/www.ebats-d-idees.com\/wp-content\/uploads\/2025\/04\/ChatGPT-Image-5-mai-2025-10_58_03-150x150.png 150w, https:\/\/www.ebats-d-idees.com\/wp-content\/uploads\/2025\/04\/ChatGPT-Image-5-mai-2025-10_58_03-768x768.png 768w\" sizes=\"auto, (max-width: 1024px) 100vw, 1024px\" \/>            <\/a>\n\t\t\t<\/div> <div class=\"colibri-post-thumbnail-content align-items-lg-center align-items-md-center align-items-center flex-basis-100\"><div class=\"w-100 h-y-container\"> <\/div><\/div><\/div><\/div><\/div><\/div><div class=\"h-column h-column-container d-flex h-col-lg-6 h-col-md-6 h-col-12 style-440-outer style-local-522-c8-outer\"><div data-colibri-id=\"522-c8\" class=\"d-flex h-flex-basis h-column__inner h-px-lg-3 h-px-md-3 h-px-3 v-inner-lg-3 v-inner-md-3 v-inner-3 style-440 style-local-522-c8 position-relative\"> <div class=\"w-100 h-y-container h-column__content h-column__v-align flex-basis-100 align-self-lg-start align-self-md-start align-self-start\"> <div data-colibri-id=\"522-c9\" class=\"h-blog-title style-441 style-local-522-c9 position-relative h-element\"><div class=\"h-global-transition-all\"><a href=\"https:\/\/www.ebats-d-idees.com\/index.php\/2025\/04\/14\/felino-vinculo\/\"><h4 class=\"colibri-word-wrap\">Felino Vinculo &#8211; Partie 1<\/h4><\/a><\/div><\/div><div data-colibri-id=\"522-c10\" class=\"style-442 style-local-522-c10 position-relative h-element\"><div class=\"h-global-transition-all\"><div class=\"colibri-post-excerpt\">Tu me regardes, pr\u00eat \u00e0 protester, mais je me colle \u00e0 toi, mes [&hellip;]<\/div><\/div><\/div><div data-colibri-id=\"522-c11\" class=\"h-x-container style-443 style-local-522-c11 position-relative h-element\"><div class=\"h-x-container-inner style-dynamic-522-c11-group\"><span class=\"h-button__outer style-444-outer style-local-522-c12-outer d-inline-flex h-element\"><a href=\"https:\/\/www.ebats-d-idees.com\/index.php\/2025\/04\/14\/felino-vinculo\/\" data-colibri-id=\"522-c12\" class=\"d-flex w-100 align-items-center h-button justify-content-lg-center justify-content-md-center justify-content-center style-444 style-local-522-c12 position-relative\"> <span>Read more<\/span> <span class=\"h-svg-icon h-button__icon style-444-icon style-local-522-c12-icon\"><svg version=\"1.1\" xmlns=\"http:\/\/www.w3.org\/2000\/svg\" xmlns:xlink=\"http:\/\/www.w3.org\/1999\/xlink\" id=\"arrow-right\" viewBox=\"0 0 512 545.5\"><path d=\"M299.5 140.5l136 136 11 11.5-11 11.5-136 136-23-23L385 304H64v-32h321L276.5 163.5z\"><\/path><\/svg><\/span><\/a><\/span><\/div><\/div><\/div><\/div><\/div><\/div><\/div><\/div><\/div><\/div>\n      \n      \n        <div class=\"h-column h-column-container d-flex h-col-lg-12 h-col-md-6 h-col-12 post-505 post type-post status-publish format-standard has-post-thumbnail hentry category-felino-vinculo masonry-item style-436-outer style-local-522-c4-outer\"><div data-colibri-id=\"522-c4\" class=\"d-flex h-flex-basis h-column__inner h-px-lg-2 h-px-md-2 h-px-2 v-inner-lg-2 v-inner-md-2 v-inner-2 style-436 style-local-522-c4 position-relative\"> <div class=\"w-100 h-y-container h-column__content h-column__v-align flex-basis-100 align-self-lg-start align-self-md-start align-self-start\"> <div data-colibri-id=\"522-c5\" class=\"h-row-container gutters-row-lg-0 gutters-row-md-0 gutters-row-0 gutters-row-v-lg-0 gutters-row-v-md-0 gutters-row-v-0 style-437 style-local-522-c5 h-overflow-hidden position-relative\"><div class=\"h-row justify-content-lg-center justify-content-md-center justify-content-center align-items-lg-stretch align-items-md-stretch align-items-stretch gutters-col-lg-0 gutters-col-md-0 gutters-col-0 gutters-col-v-lg-0 gutters-col-v-md-0 gutters-col-v-0\"> <div class=\"h-column h-column-container d-flex h-col-lg-6 h-col-md-6 h-col-12 style-438-outer style-local-522-c6-outer\"><div data-colibri-id=\"522-c6\" class=\"d-flex h-flex-basis h-column__inner h-px-lg-0 h-px-md-0 h-px-0 v-inner-lg-0 v-inner-md-0 v-inner-0 style-438 style-local-522-c6 position-relative\"> <div class=\"w-100 h-y-container h-column__content h-column__v-align flex-basis-100 align-self-lg-start align-self-md-start align-self-start\"> <div data-href=\"https:\/\/www.ebats-d-idees.com\/index.php\/2025\/04\/15\/felino-vinculo-partie-2\/\" data-colibri-component=\"link\" data-colibri-id=\"522-c7\" class=\"colibri-post-thumbnail colibri-post-has-thumbnail colibri-post-thumbnail-has-placeholder style-439 style-local-522-c7 h-overflow-hidden position-relative h-element\"><div class=\"h-global-transition-all colibri-post-thumbnail-shortcode style-dynamic-522-c7-height\">            <a href=\"https:\/\/www.ebats-d-idees.com\/index.php\/2025\/04\/15\/felino-vinculo-partie-2\/\" title=\"Felino Vinculo &#8211; Partie 2\">\n\t\t\t\t<img loading=\"lazy\" decoding=\"async\" width=\"1023\" height=\"477\" src=\"https:\/\/www.ebats-d-idees.com\/wp-content\/uploads\/2025\/04\/cropped-image-4.jpg\" class=\"attachment-post-thumbnail size-post-thumbnail wp-post-image\" alt=\"\" srcset=\"https:\/\/www.ebats-d-idees.com\/wp-content\/uploads\/2025\/04\/cropped-image-4.jpg 1023w, https:\/\/www.ebats-d-idees.com\/wp-content\/uploads\/2025\/04\/cropped-image-4-300x140.jpg 300w, https:\/\/www.ebats-d-idees.com\/wp-content\/uploads\/2025\/04\/cropped-image-4-768x358.jpg 768w\" sizes=\"auto, (max-width: 1023px) 100vw, 1023px\" \/>            <\/a>\n\t\t\t<\/div> <div class=\"colibri-post-thumbnail-content align-items-lg-center align-items-md-center align-items-center flex-basis-100\"><div class=\"w-100 h-y-container\"> <\/div><\/div><\/div><\/div><\/div><\/div><div class=\"h-column h-column-container d-flex h-col-lg-6 h-col-md-6 h-col-12 style-440-outer style-local-522-c8-outer\"><div data-colibri-id=\"522-c8\" class=\"d-flex h-flex-basis h-column__inner h-px-lg-3 h-px-md-3 h-px-3 v-inner-lg-3 v-inner-md-3 v-inner-3 style-440 style-local-522-c8 position-relative\"> <div class=\"w-100 h-y-container h-column__content h-column__v-align flex-basis-100 align-self-lg-start align-self-md-start align-self-start\"> <div data-colibri-id=\"522-c9\" class=\"h-blog-title style-441 style-local-522-c9 position-relative h-element\"><div class=\"h-global-transition-all\"><a href=\"https:\/\/www.ebats-d-idees.com\/index.php\/2025\/04\/15\/felino-vinculo-partie-2\/\"><h4 class=\"colibri-word-wrap\">Felino Vinculo &#8211; Partie 2<\/h4><\/a><\/div><\/div><div data-colibri-id=\"522-c10\" class=\"style-442 style-local-522-c10 position-relative h-element\"><div class=\"h-global-transition-all\"><div class=\"colibri-post-excerpt\">et je me tiens nue sous la lune, mon corps luisant, mes seins [&hellip;]<\/div><\/div><\/div><div data-colibri-id=\"522-c11\" class=\"h-x-container style-443 style-local-522-c11 position-relative h-element\"><div class=\"h-x-container-inner style-dynamic-522-c11-group\"><span class=\"h-button__outer style-444-outer style-local-522-c12-outer d-inline-flex h-element\"><a href=\"https:\/\/www.ebats-d-idees.com\/index.php\/2025\/04\/15\/felino-vinculo-partie-2\/\" data-colibri-id=\"522-c12\" class=\"d-flex w-100 align-items-center h-button justify-content-lg-center justify-content-md-center justify-content-center style-444 style-local-522-c12 position-relative\"> <span>Read more<\/span> <span class=\"h-svg-icon h-button__icon style-444-icon style-local-522-c12-icon\"><svg version=\"1.1\" xmlns=\"http:\/\/www.w3.org\/2000\/svg\" xmlns:xlink=\"http:\/\/www.w3.org\/1999\/xlink\" id=\"arrow-right\" viewBox=\"0 0 512 545.5\"><path d=\"M299.5 140.5l136 136 11 11.5-11 11.5-136 136-23-23L385 304H64v-32h321L276.5 163.5z\"><\/path><\/svg><\/span><\/a><\/span><\/div><\/div><\/div><\/div><\/div><\/div><\/div><\/div><\/div><\/div>\n      \n      \n        <div class=\"h-column h-column-container d-flex h-col-lg-12 h-col-md-6 h-col-12 post-580 post type-post status-publish format-standard has-post-thumbnail hentry category-felino-vinculo masonry-item style-436-outer style-local-522-c4-outer\"><div data-colibri-id=\"522-c4\" class=\"d-flex h-flex-basis h-column__inner h-px-lg-2 h-px-md-2 h-px-2 v-inner-lg-2 v-inner-md-2 v-inner-2 style-436 style-local-522-c4 position-relative\"> <div class=\"w-100 h-y-container h-column__content h-column__v-align flex-basis-100 align-self-lg-start align-self-md-start align-self-start\"> <div data-colibri-id=\"522-c5\" class=\"h-row-container gutters-row-lg-0 gutters-row-md-0 gutters-row-0 gutters-row-v-lg-0 gutters-row-v-md-0 gutters-row-v-0 style-437 style-local-522-c5 h-overflow-hidden position-relative\"><div class=\"h-row justify-content-lg-center justify-content-md-center justify-content-center align-items-lg-stretch align-items-md-stretch align-items-stretch gutters-col-lg-0 gutters-col-md-0 gutters-col-0 gutters-col-v-lg-0 gutters-col-v-md-0 gutters-col-v-0\"> <div class=\"h-column h-column-container d-flex h-col-lg-6 h-col-md-6 h-col-12 style-438-outer style-local-522-c6-outer\"><div data-colibri-id=\"522-c6\" class=\"d-flex h-flex-basis h-column__inner h-px-lg-0 h-px-md-0 h-px-0 v-inner-lg-0 v-inner-md-0 v-inner-0 style-438 style-local-522-c6 position-relative\"> <div class=\"w-100 h-y-container h-column__content h-column__v-align flex-basis-100 align-self-lg-start align-self-md-start align-self-start\"> <div data-href=\"https:\/\/www.ebats-d-idees.com\/index.php\/2025\/05\/07\/felinco-vinculo-partie-3\/\" data-colibri-component=\"link\" data-colibri-id=\"522-c7\" class=\"colibri-post-thumbnail colibri-post-has-thumbnail colibri-post-thumbnail-has-placeholder style-439 style-local-522-c7 h-overflow-hidden position-relative h-element\"><div class=\"h-global-transition-all colibri-post-thumbnail-shortcode style-dynamic-522-c7-height\">            <a href=\"https:\/\/www.ebats-d-idees.com\/index.php\/2025\/05\/07\/felinco-vinculo-partie-3\/\" title=\"Felinco Vinculo &#8211; Partie 3\">\n\t\t\t\t<img loading=\"lazy\" decoding=\"async\" width=\"1024\" height=\"1536\" src=\"https:\/\/www.ebats-d-idees.com\/wp-content\/uploads\/2025\/05\/ChatGPT-Image-7-mai-2025-14_45_13.png\" class=\"attachment-post-thumbnail size-post-thumbnail wp-post-image\" alt=\"\" srcset=\"https:\/\/www.ebats-d-idees.com\/wp-content\/uploads\/2025\/05\/ChatGPT-Image-7-mai-2025-14_45_13.png 1024w, https:\/\/www.ebats-d-idees.com\/wp-content\/uploads\/2025\/05\/ChatGPT-Image-7-mai-2025-14_45_13-200x300.png 200w, https:\/\/www.ebats-d-idees.com\/wp-content\/uploads\/2025\/05\/ChatGPT-Image-7-mai-2025-14_45_13-683x1024.png 683w, https:\/\/www.ebats-d-idees.com\/wp-content\/uploads\/2025\/05\/ChatGPT-Image-7-mai-2025-14_45_13-768x1152.png 768w\" sizes=\"auto, (max-width: 1024px) 100vw, 1024px\" \/>            <\/a>\n\t\t\t<\/div> <div class=\"colibri-post-thumbnail-content align-items-lg-center align-items-md-center align-items-center flex-basis-100\"><div class=\"w-100 h-y-container\"> <\/div><\/div><\/div><\/div><\/div><\/div><div class=\"h-column h-column-container d-flex h-col-lg-6 h-col-md-6 h-col-12 style-440-outer style-local-522-c8-outer\"><div data-colibri-id=\"522-c8\" class=\"d-flex h-flex-basis h-column__inner h-px-lg-3 h-px-md-3 h-px-3 v-inner-lg-3 v-inner-md-3 v-inner-3 style-440 style-local-522-c8 position-relative\"> <div class=\"w-100 h-y-container h-column__content h-column__v-align flex-basis-100 align-self-lg-start align-self-md-start align-self-start\"> <div data-colibri-id=\"522-c9\" class=\"h-blog-title style-441 style-local-522-c9 position-relative h-element\"><div class=\"h-global-transition-all\"><a href=\"https:\/\/www.ebats-d-idees.com\/index.php\/2025\/05\/07\/felinco-vinculo-partie-3\/\"><h4 class=\"colibri-word-wrap\">Felinco Vinculo &#8211; Partie 3<\/h4><\/a><\/div><\/div><div data-colibri-id=\"522-c10\" class=\"style-442 style-local-522-c10 position-relative h-element\"><div class=\"h-global-transition-all\"><div class=\"colibri-post-excerpt\">\u00ab Alors sois mienne , dans ton corps comme dans ton \u00e2me \u00bb [&hellip;]<\/div><\/div><\/div><div data-colibri-id=\"522-c11\" class=\"h-x-container style-443 style-local-522-c11 position-relative h-element\"><div class=\"h-x-container-inner style-dynamic-522-c11-group\"><span class=\"h-button__outer style-444-outer style-local-522-c12-outer d-inline-flex h-element\"><a href=\"https:\/\/www.ebats-d-idees.com\/index.php\/2025\/05\/07\/felinco-vinculo-partie-3\/\" data-colibri-id=\"522-c12\" class=\"d-flex w-100 align-items-center h-button justify-content-lg-center justify-content-md-center justify-content-center style-444 style-local-522-c12 position-relative\"> <span>Read more<\/span> <span class=\"h-svg-icon h-button__icon style-444-icon style-local-522-c12-icon\"><svg version=\"1.1\" xmlns=\"http:\/\/www.w3.org\/2000\/svg\" xmlns:xlink=\"http:\/\/www.w3.org\/1999\/xlink\" id=\"arrow-right\" viewBox=\"0 0 512 545.5\"><path d=\"M299.5 140.5l136 136 11 11.5-11 11.5-136 136-23-23L385 304H64v-32h321L276.5 163.5z\"><\/path><\/svg><\/span><\/a><\/span><\/div><\/div><\/div><\/div><\/div><\/div><\/div><\/div><\/div><\/div>\n      \n      \n        <div class=\"h-column h-column-container d-flex h-col-lg-12 h-col-md-6 h-col-12 post-603 post type-post status-publish format-standard has-post-thumbnail hentry category-felino-vinculo masonry-item style-436-outer style-local-522-c4-outer\"><div data-colibri-id=\"522-c4\" class=\"d-flex h-flex-basis h-column__inner h-px-lg-2 h-px-md-2 h-px-2 v-inner-lg-2 v-inner-md-2 v-inner-2 style-436 style-local-522-c4 position-relative\"> <div class=\"w-100 h-y-container h-column__content h-column__v-align flex-basis-100 align-self-lg-start align-self-md-start align-self-start\"> <div data-colibri-id=\"522-c5\" class=\"h-row-container gutters-row-lg-0 gutters-row-md-0 gutters-row-0 gutters-row-v-lg-0 gutters-row-v-md-0 gutters-row-v-0 style-437 style-local-522-c5 h-overflow-hidden position-relative\"><div class=\"h-row justify-content-lg-center justify-content-md-center justify-content-center align-items-lg-stretch align-items-md-stretch align-items-stretch gutters-col-lg-0 gutters-col-md-0 gutters-col-0 gutters-col-v-lg-0 gutters-col-v-md-0 gutters-col-v-0\"> <div class=\"h-column h-column-container d-flex h-col-lg-6 h-col-md-6 h-col-12 style-438-outer style-local-522-c6-outer\"><div data-colibri-id=\"522-c6\" class=\"d-flex h-flex-basis h-column__inner h-px-lg-0 h-px-md-0 h-px-0 v-inner-lg-0 v-inner-md-0 v-inner-0 style-438 style-local-522-c6 position-relative\"> <div class=\"w-100 h-y-container h-column__content h-column__v-align flex-basis-100 align-self-lg-start align-self-md-start align-self-start\"> <div data-href=\"https:\/\/www.ebats-d-idees.com\/index.php\/2025\/07\/14\/felino-vinculo-chapitre-4\/\" data-colibri-component=\"link\" data-colibri-id=\"522-c7\" class=\"colibri-post-thumbnail colibri-post-has-thumbnail colibri-post-thumbnail-has-placeholder style-439 style-local-522-c7 h-overflow-hidden position-relative h-element\"><div class=\"h-global-transition-all colibri-post-thumbnail-shortcode style-dynamic-522-c7-height\">            <a href=\"https:\/\/www.ebats-d-idees.com\/index.php\/2025\/07\/14\/felino-vinculo-chapitre-4\/\" title=\"Felino Vinculo &#8211; Partie 4\">\n\t\t\t\t<img loading=\"lazy\" decoding=\"async\" width=\"1024\" height=\"1024\" src=\"https:\/\/www.ebats-d-idees.com\/wp-content\/uploads\/2025\/07\/Robe_rouge.png\" class=\"attachment-post-thumbnail size-post-thumbnail wp-post-image\" alt=\"\" srcset=\"https:\/\/www.ebats-d-idees.com\/wp-content\/uploads\/2025\/07\/Robe_rouge.png 1024w, https:\/\/www.ebats-d-idees.com\/wp-content\/uploads\/2025\/07\/Robe_rouge-300x300.png 300w, https:\/\/www.ebats-d-idees.com\/wp-content\/uploads\/2025\/07\/Robe_rouge-150x150.png 150w, https:\/\/www.ebats-d-idees.com\/wp-content\/uploads\/2025\/07\/Robe_rouge-768x768.png 768w\" sizes=\"auto, (max-width: 1024px) 100vw, 1024px\" \/>            <\/a>\n\t\t\t<\/div> <div class=\"colibri-post-thumbnail-content align-items-lg-center align-items-md-center align-items-center flex-basis-100\"><div class=\"w-100 h-y-container\"> <\/div><\/div><\/div><\/div><\/div><\/div><div class=\"h-column h-column-container d-flex h-col-lg-6 h-col-md-6 h-col-12 style-440-outer style-local-522-c8-outer\"><div data-colibri-id=\"522-c8\" class=\"d-flex h-flex-basis h-column__inner h-px-lg-3 h-px-md-3 h-px-3 v-inner-lg-3 v-inner-md-3 v-inner-3 style-440 style-local-522-c8 position-relative\"> <div class=\"w-100 h-y-container h-column__content h-column__v-align flex-basis-100 align-self-lg-start align-self-md-start align-self-start\"> <div data-colibri-id=\"522-c9\" class=\"h-blog-title style-441 style-local-522-c9 position-relative h-element\"><div class=\"h-global-transition-all\"><a href=\"https:\/\/www.ebats-d-idees.com\/index.php\/2025\/07\/14\/felino-vinculo-chapitre-4\/\"><h4 class=\"colibri-word-wrap\">Felino Vinculo &#8211; Partie 4<\/h4><\/a><\/div><\/div><div data-colibri-id=\"522-c10\" class=\"style-442 style-local-522-c10 position-relative h-element\"><div class=\"h-global-transition-all\"><div class=\"colibri-post-excerpt\">Je pr\u00e9pare un sac, maladroite, f\u00e9brile. Je te demande ce qu\u2019il faut. Tu [&hellip;]<\/div><\/div><\/div><div data-colibri-id=\"522-c11\" class=\"h-x-container style-443 style-local-522-c11 position-relative h-element\"><div class=\"h-x-container-inner style-dynamic-522-c11-group\"><span class=\"h-button__outer style-444-outer style-local-522-c12-outer d-inline-flex h-element\"><a href=\"https:\/\/www.ebats-d-idees.com\/index.php\/2025\/07\/14\/felino-vinculo-chapitre-4\/\" data-colibri-id=\"522-c12\" class=\"d-flex w-100 align-items-center h-button justify-content-lg-center justify-content-md-center justify-content-center style-444 style-local-522-c12 position-relative\"> <span>Read more<\/span> <span class=\"h-svg-icon h-button__icon style-444-icon style-local-522-c12-icon\"><svg version=\"1.1\" xmlns=\"http:\/\/www.w3.org\/2000\/svg\" xmlns:xlink=\"http:\/\/www.w3.org\/1999\/xlink\" id=\"arrow-right\" viewBox=\"0 0 512 545.5\"><path d=\"M299.5 140.5l136 136 11 11.5-11 11.5-136 136-23-23L385 304H64v-32h321L276.5 163.5z\"><\/path><\/svg><\/span><\/a><\/span><\/div><\/div><\/div><\/div><\/div><\/div><\/div><\/div><\/div><\/div>\n      \n      \n          <\/div>\n      <\/div>\n    <\/div>\n  <\/div>\n<\/div>","protected":false},"excerpt":{"rendered":"<p> [&hellip;]<\/p>\n","protected":false},"author":2,"featured_media":0,"parent":142,"menu_order":0,"comment_status":"closed","ping_status":"closed","template":"page-templates\/full-width-page.php","meta":{"footnotes":""},"class_list":["post-522","page","type-page","status-publish","hentry"],"jetpack_sharing_enabled":true,"_links":{"self":[{"href":"https:\/\/www.ebats-d-idees.com\/index.php\/wp-json\/wp\/v2\/pages\/522","targetHints":{"allow":["GET"]}}],"collection":[{"href":"https:\/\/www.ebats-d-idees.com\/index.php\/wp-json\/wp\/v2\/pages"}],"about":[{"href":"https:\/\/www.ebats-d-idees.com\/index.php\/wp-json\/wp\/v2\/types\/page"}],"author":[{"embeddable":true,"href":"https:\/\/www.ebats-d-idees.com\/index.php\/wp-json\/wp\/v2\/users\/2"}],"replies":[{"embeddable":true,"href":"https:\/\/www.ebats-d-idees.com\/index.php\/wp-json\/wp\/v2\/comments?post=522"}],"version-history":[{"count":4,"href":"https:\/\/www.ebats-d-idees.com\/index.php\/wp-json\/wp\/v2\/pages\/522\/revisions"}],"predecessor-version":[{"id":818,"href":"https:\/\/www.ebats-d-idees.com\/index.php\/wp-json\/wp\/v2\/pages\/522\/revisions\/818"}],"up":[{"embeddable":true,"href":"https:\/\/www.ebats-d-idees.com\/index.php\/wp-json\/wp\/v2\/pages\/142"}],"wp:attachment":[{"href":"https:\/\/www.ebats-d-idees.com\/index.php\/wp-json\/wp\/v2\/media?parent=522"}],"curies":[{"name":"wp","href":"https:\/\/api.w.org\/{rel}","templated":true}]}}